{"id":516,"date":"2025-04-03T12:16:37","date_gmt":"2025-04-03T10:16:37","guid":{"rendered":"https:\/\/www.calmedespins.com\/?page_id=516"},"modified":"2025-04-16T14:51:52","modified_gmt":"2025-04-16T12:51:52","slug":"access-contact","status":"publish","type":"page","link":"https:\/\/www.calmedespins.com\/en\/acces-contact\/","title":{"rendered":"Access \/ Contact"},"content":{"rendered":"\n<div class=\"wp-block-stackable-columns alignwide stk-block-columns stk-block stk-6760ded\" data-block-id=\"6760ded\"><style>.stk-6760ded .stk--block-align-6760ded{align-items:center !important;}.stk-6760ded {margin-bottom:62px !important;}<\/style><div class=\"stk-row stk-inner-blocks stk--block-align-6760ded stk-block-content stk-content-align stk-6760ded-column alignwide\">\n<div class=\"wp-block-stackable-column stk-block-column stk-column stk-block stk-cfcd769\" data-v=\"4\" data-block-id=\"cfcd769\"><style>@media screen and (min-width: 768px){.stk-cfcd769 {flex:var(--stk-flex-grow, 1) 1 33.3% !important;}}<\/style><div class=\"stk-column-wrapper stk-block-column__content stk-container stk-cfcd769-container stk--no-background stk--no-padding\"><div class=\"stk-block-content stk-inner-blocks stk-cfcd769-inner-blocks\">\n<div class=\"wp-block-stackable-image stk-block-image stk-block stk-aeedeb9\" data-block-id=\"aeedeb9\"><style>.stk-aeedeb9 .stk-img-wrapper{width:214px !important;filter:drop-shadow(2px 2px 7px #000000) !important;}<\/style><figure><span class=\"stk-img-wrapper stk-image--shape-stretch stk--shadow-2px 2px 7px #000000\"><img loading=\"lazy\" decoding=\"async\" class=\"stk-img wp-image-50\" src=\"https:\/\/www.calmedespins.com\/wp-content\/uploads\/2025\/03\/new-logo-calme-des-pins-1.png\" width=\"214\" height=\"287\" alt=\"hotel calme des pins\"\/><\/span><\/figure><\/div>\n\n\n\n<div class=\"wp-block-stackable-text stk-block-text stk-block stk-a0e4ebe\" data-block-id=\"a0e4ebe\"><p class=\"stk-block-text__text has-text-align-center\">H\u00f4tel Calme des Pins<br>43, avenue Aristide Briand<br>85100 Les Sables d&rsquo;Olonne<\/p><\/div>\n\n\n\n<div class=\"wp-block-stackable-text stk-block-text stk-block stk-2f430f3\" data-block-id=\"2f430f3\"><p class=\"stk-block-text__text has-text-align-center\">T\u00e9l. : <a href=\"tel:0251210318\">02 51 21 03 18<\/a><br>mail : <a href=\"mailto:contact@calmedespins.com\">contact@calmedespins.com<\/a><\/p><\/div>\n<\/div><\/div><\/div>\n\n\n\n<div class=\"wp-block-stackable-column stk-block-column stk-column stk-block stk-0779cac\" data-v=\"4\" data-block-id=\"0779cac\"><style>@media screen and (min-width: 768px){.stk-0779cac {flex:var(--stk-flex-grow, 1) 1 66.7% !important;}}<\/style><div class=\"stk-column-wrapper stk-block-column__content stk-container stk-0779cac-container stk--no-background stk--no-padding\"><div class=\"stk-block-content stk-inner-blocks stk-0779cac-inner-blocks\"><p data-block-type=\"core\"><div class='fluentform ff-default fluentform_wrapper_3 ffs_default_wrap'><form data-form_id=\"3\" id=\"fluentform_3\" class=\"frm-fluent-form fluent_form_3 ff-el-form-top ff_form_instance_3_1 ff-form-loading ff_has_v3_recptcha ffs_default\" data-form_instance=\"ff_form_instance_3_1\" method=\"POST\" data-recptcha_key=\"6LfTkbwpAAAAANu-76gJjRfrArniIB0fVc220p9H\" ><fieldset  style=\"border: none!important;margin: 0!important;padding: 0!important;background-color: transparent!important;box-shadow: none!important;outline: none!important; min-inline-size: 100%;\">\n                    <legend class=\"ff_screen_reader_title\" style=\"display: block; margin: 0!important;padding: 0!important;height: 0!important;text-indent: -999999px;width: 0!important;overflow:hidden;\">contact<\/legend><input type='hidden' name='__fluent_form_embded_post_id' value='516' \/><input type=\"hidden\" id=\"_fluentform_3_fluentformnonce\" name=\"_fluentform_3_fluentformnonce\" value=\"bd8ccd89fe\" \/><input type=\"hidden\" name=\"_wp_http_referer\" value=\"\/en\/wp-json\/wp\/v2\/pages\/516\" \/><div data-type=\"name-element\" data-name=\"names\" class=\" ff-field_container ff-name-field-wrapper\" ><div class='ff-t-container'><div class='ff-t-cell '><div class='ff-el-group ff-el-form-top'><div class=\"ff-el-input--label asterisk-right\"><label for='ff_3_names_first_name_' id='label_ff_3_names_first_name_' >Pr\u00e9nom<\/label><\/div><div class='ff-el-input--content'><input type=\"text\" name=\"names[first_name]\" id=\"ff_3_names_first_name_\" class=\"ff-el-form-control\" aria-invalid=\"false\" aria-required=false><\/div><\/div><\/div><div class='ff-t-cell '><div class='ff-el-group ff-el-form-top'><div class=\"ff-el-input--label ff-el-is-required asterisk-right\"><label for='ff_3_names_last_name_' id='label_ff_3_names_last_name_' >Nom<\/label><\/div><div class='ff-el-input--content'><input type=\"text\" name=\"names[last_name]\" id=\"ff_3_names_last_name_\" class=\"ff-el-form-control\" aria-invalid=\"false\" aria-required=true><\/div><\/div><\/div><\/div><\/div><div data-name=\"ff_cn_id_1\"  class='ff-t-container ff-column-container ff_columns_total_2 '><div class='ff-t-cell ff-t-column-1' style='flex-basis: 50%;'><div class='ff-el-group'><div class=\"ff-el-input--label ff-el-is-required asterisk-right\"><label for='ff_3_email' id='label_ff_3_email' aria-label=\"E-mail\">E-mail<\/label><\/div><div class='ff-el-input--content'><input type=\"email\" name=\"email\" id=\"ff_3_email\" class=\"ff-el-form-control\" data-name=\"email\"  aria-invalid=\"false\" aria-required=true><\/div><\/div><\/div><div class='ff-t-cell ff-t-column-2' style='flex-basis: 50%;'><div class='ff-el-group'><div class=\"ff-el-input--label asterisk-right\"><label for='ff_3_numeric_field' id='label_ff_3_numeric_field' aria-label=\"T\u00e9l\u00e9phone\">T\u00e9l\u00e9phone<\/label><\/div><div class='ff-el-input--content'><input type=\"number\" name=\"numeric_field\" id=\"ff_3_numeric_field\" class=\"ff-el-form-control\" data-name=\"numeric_field\" inputmode=\"numeric\" step=\"any\"  aria-invalid=\"false\" aria-required=false><\/div><\/div><\/div><\/div><div class='ff-el-group'><div class=\"ff-el-input--label ff-el-is-required asterisk-right\"><label for='ff_3_description' id='label_ff_3_description' aria-label=\"Message\">Message<\/label><\/div><div class='ff-el-input--content'><textarea aria-required=\"true\" aria-labelledby=\"label_ff_3_description\" name=\"description\" id=\"ff_3_description\" class=\"ff-el-form-control\" rows=\"3\" cols=\"2\" data-name=\"description\" ><\/textarea><\/div><\/div><div class='ff-el-group    ff-el-input--content'><div class='ff-el-form-check ff-el-tc'><label aria-label='Je consens \u00e0 ce que ce site stocke les informations que j\u2019ai envoy\u00e9es afin de pouvoir r\u00e9pondre \u00e0 ma demande.' class='ff-el-form-check-label ff_tc_label' for=gdpr-agreement_802fe146bf6fe5235bb8a0ea0c6836ac><span class='ff_tc_checkbox'><input type=\"checkbox\" name=\"gdpr-agreement\" class=\"ff-el-form-check-input ff_gdpr_field\" data-name=\"gdpr-agreement\" id=\"gdpr-agreement_802fe146bf6fe5235bb8a0ea0c6836ac\"  value='on' aria-invalid='false' aria-required=true><\/span> <div class='ff_t_c'>Je consens \u00e0 ce que ce site stocke les informations que j\u2019ai envoy\u00e9es afin de pouvoir r\u00e9pondre \u00e0 ma demande.<\/div><\/label><\/div><\/div><div class='ff-el-group ff-text-center ff_submit_btn_wrapper'><button type=\"submit\" class=\"ff-btn ff-btn-submit ff-btn-md ff_btn_style wpf_has_custom_css\"  aria-label=\"Envoyer\">Envoyer<\/button><\/div><\/fieldset><\/form><div id='fluentform_3_errors' class='ff-errors-in-stack ff_form_instance_3_1 ff-form-loading_errors ff_form_instance_3_1_errors'><\/div><\/div>            <script type=\"text\/javascript\">\n                window.fluent_form_ff_form_instance_3_1 = {\"id\":\"3\",\"ajaxUrl\":\"https:\\\/\\\/www.calmedespins.com\\\/wp-admin\\\/admin-ajax.php\",\"settings\":{\"layout\":{\"labelPlacement\":\"top\",\"asteriskPlacement\":\"asterisk-right\",\"helpMessagePlacement\":\"with_label\",\"errorMessagePlacement\":\"inline\",\"cssClassName\":\"\"},\"restrictions\":{\"denyEmptySubmission\":{\"enabled\":false}}},\"form_instance\":\"ff_form_instance_3_1\",\"form_id_selector\":\"fluentform_3\",\"rules\":{\"names[first_name]\":{\"required\":{\"value\":false,\"message\":\"This field is required\",\"global_message\":\"Ce champ est obligatoire\",\"global\":true}},\"names[middle_name]\":{\"required\":{\"value\":false,\"message\":\"This field is required\",\"global_message\":\"Ce champ est obligatoire\",\"global\":true}},\"names[last_name]\":{\"required\":{\"value\":true,\"message\":\"This field is required\",\"global_message\":\"Ce champ est obligatoire\",\"global\":true}},\"email\":{\"required\":{\"value\":true,\"message\":\"This field is required\",\"global_message\":\"Ce champ est obligatoire\",\"global\":true},\"email\":{\"value\":true,\"message\":\"This field must contain a valid email\",\"global_message\":\"Ce champ doit contenir un e-mail valide\",\"global\":true}},\"numeric_field\":{\"required\":{\"value\":false,\"message\":\"This field is required\",\"global_message\":\"Ce champ est obligatoire\",\"global\":true},\"numeric\":{\"value\":true,\"message\":\"This field must contain numeric value\",\"global_message\":\"Ce champ doit contenir une valeur num\\u00e9rique\",\"global\":true},\"min\":{\"value\":\"\",\"message\":\"Validation fails for minimum value\",\"global_message\":\"\\u00c9chec de la validation pour la valeur minimale\",\"global\":true},\"max\":{\"value\":\"\",\"message\":\"Validation fails for maximum value\",\"global_message\":\"\\u00c9chec de la validation pour la valeur maximale\",\"global\":true},\"digits\":{\"value\":\"\",\"message\":\"Validation fails for limited digits\",\"global_message\":\"La validation \\u00e9choue pour un nombre limit\\u00e9 de chiffres\",\"global\":true}},\"description\":{\"required\":{\"value\":true,\"message\":\"This field is required\",\"global_message\":\"Ce champ est obligatoire\",\"global\":true}},\"gdpr-agreement\":{\"required\":{\"value\":true,\"message\":\"This field is required\",\"global_message\":\"Ce champ est obligatoire\",\"global\":true}},\"g-recaptcha-response\":[]},\"debounce_time\":300};\n                            <\/script>\n            <\/p>\n<\/div><\/div><\/div>\n<\/div><\/div>\n\n\n\n<div class=\"wp-block-stackable-columns alignfull stk-block-columns stk-block stk-8f7cbd6 stk-block-background\" data-block-id=\"8f7cbd6\"><style>.stk-8f7cbd6 .stk--block-align-8f7cbd6{align-items:center !important;}.stk-8f7cbd6 {background-color:#8c9278 !important;}.stk-8f7cbd6:before{background-color:#8c9278 !important;}<\/style><div class=\"stk-row stk-inner-blocks stk--block-align-8f7cbd6 stk-block-content stk-content-align stk-8f7cbd6-column alignwide\">\n<div class=\"wp-block-stackable-column stk-block-column stk-column stk-block stk-4bfbb39\" data-v=\"4\" data-block-id=\"4bfbb39\"><style>@media screen and (min-width: 768px){.stk-4bfbb39 {flex:var(--stk-flex-grow, 1) 1 calc(50% - var(--stk-column-gap, 0px) * 1 \/ 2 ) !important;}}<\/style><div class=\"stk-column-wrapper stk-block-column__content stk-container stk-4bfbb39-container stk--no-background stk--no-padding\"><div class=\"stk-block-content stk-inner-blocks stk-4bfbb39-inner-blocks\">\n<div class=\"wp-block-stackable-heading stk-block-heading stk-block-heading--v2 stk-block stk-85ee0d5\" id=\"plusieurs-possibilites-dacces\" data-block-id=\"85ee0d5\"><style>.stk-85ee0d5 .stk-block-heading__text{color:#FFFFFF !important;}<\/style><h2 class=\"stk-block-heading__text has-text-color has-text-align-left\">Plusieurs possibilit\u00e9s d\u2019acc\u00e8s :<\/h2><\/div>\n\n\n\n<div class=\"wp-block-stackable-text stk-block-text stk-block stk-7720b82\" data-block-id=\"7720b82\"><style>.stk-7720b82 .stk-block-text__text{color:#FFFFFF !important;}<\/style><p class=\"stk-block-text__text has-text-color\">A\u00e9roport de Nantes.<br>Autoroute de Paris jusqu\u2019aux Sables d\u2019Olonne.<br>TGV direct Paris \u2013 Les Sables d\u2019Olonne.<br>Station de taxi \u00e0 la gare : 02 51 95 40 80 (environ 2km pour aller de la gare \u00e0 l\u2019h\u00f4tel).<\/p><\/div>\n\n\n\n<div class=\"wp-block-stackable-heading stk-block-heading stk-block-heading--v2 stk-block stk-54b307f\" id=\"une-fois-sur-place\" data-block-id=\"54b307f\"><style>.stk-54b307f .stk-block-heading__text{color:#FFFFFF !important;}<\/style><h2 class=\"stk-block-heading__text has-text-color\">Une fois sur place :<\/h2><\/div>\n\n\n\n<div class=\"wp-block-stackable-text stk-block-text stk-block stk-7b91943\" data-block-id=\"7b91943\"><style>.stk-7b91943 .stk-block-text__text{color:#FFFFFF !important;}<\/style><p class=\"stk-block-text__text has-text-color\">D\u00e9placements en bus dans l\u2019agglom\u00e9ration des Sables d\u2019Olonne : Horaires, cartes et tarifs sur www.bus-oleane.fr<\/p><\/div>\n<\/div><\/div><\/div>\n\n\n\n<div class=\"wp-block-stackable-column stk-block-column stk-column stk-block stk-1eb68ec\" data-v=\"4\" data-block-id=\"1eb68ec\"><style>@media screen and (min-width: 768px){.stk-1eb68ec {flex:var(--stk-flex-grow, 1) 1 calc(50% - var(--stk-column-gap, 0px) * 1 \/ 2 ) !important;}}<\/style><div class=\"stk-column-wrapper stk-block-column__content stk-container stk-1eb68ec-container stk--no-background stk--no-padding\"><div class=\"stk-block-content stk-inner-blocks stk-1eb68ec-inner-blocks\">\n<div class=\"wp-block-stackable-map alignfull stk-block-map stk-block stk-fcd400b\" data-block-id=\"fcd400b\"><iframe\n\t\t\t\t\t\ttitle=\"Embedded content from Google Maps Platform.\"\n\t\t\t\t\t\tsrc=\"https:\/\/maps.google.com\/maps?q=H\u00f4tel Calme des Pins 3 \u00e9toiles 43, avenue Aristide Briand 85100 Les Sables d'Olonne&#038;t=&#038;z=12&#038;ie=UTF8&#038;output=embed\"\n\t\t\t\t\t\tstyle=\"border:0;width:100%;max-width:none;max-height:none;height:100%;\"\n\t\t\t\t\t\taria-hidden=\"false\"\n\t\t\t\t\t\ttabIndex=\"0\"\n\t\t\t\t\t\tallowfullscreen\n\t\t\t\t\t\tloading=\"lazy\"\n\t\t\t\t\t\tframeBorder=\"0\"\n\t\t\t\t\t><\/iframe><\/div>\n<\/div><\/div><\/div>\n<\/div><\/div>\n","protected":false},"excerpt":{"rendered":"<p>H\u00f4tel Calme des Pins43, avenue Aristide Briand85100 Les Sables d&rsquo;Olonne T\u00e9l. : 02 51 21 03 18mail : contact@calmedespins.com Plusieurs possibilit\u00e9s d\u2019acc\u00e8s : A\u00e9roport de Nantes.Autoroute de Paris jusqu\u2019aux Sables d\u2019Olonne.TGV direct Paris \u2013 Les Sables d\u2019Olonne.Station de taxi \u00e0 la gare : 02 51 95 40 80 (environ 2km pour aller de la gare [&hellip;]<\/p>\n","protected":false},"author":1,"featured_media":240114,"parent":0,"menu_order":0,"comment_status":"closed","ping_status":"closed","template":"","meta":{"_acf_changed":false,"_seopress_robots_primary_cat":"","_seopress_titles_title":"R\u00e9servation h\u00f4tel les Sables d'Olonne bord de mer vendee","_seopress_titles_desc":"Faites votre r\u00e9servation pour les vacances en Vend\u00e9e en bord de mer \u00e0 l'h\u00f4tel Calme des Pins des Sables d'Olonne.","_seopress_robots_index":"","_vp_format_video_url":"","_vp_image_focal_point":[],"footnotes":""},"class_list":["post-516","page","type-page","status-publish","has-post-thumbnail","hentry"],"acf":[],"_links":{"self":[{"href":"https:\/\/www.calmedespins.com\/en\/wp-json\/wp\/v2\/pages\/516","targetHints":{"allow":["GET"]}}],"collection":[{"href":"https:\/\/www.calmedespins.com\/en\/wp-json\/wp\/v2\/pages"}],"about":[{"href":"https:\/\/www.calmedespins.com\/en\/wp-json\/wp\/v2\/types\/page"}],"author":[{"embeddable":true,"href":"https:\/\/www.calmedespins.com\/en\/wp-json\/wp\/v2\/users\/1"}],"replies":[{"embeddable":true,"href":"https:\/\/www.calmedespins.com\/en\/wp-json\/wp\/v2\/comments?post=516"}],"version-history":[{"count":4,"href":"https:\/\/www.calmedespins.com\/en\/wp-json\/wp\/v2\/pages\/516\/revisions"}],"predecessor-version":[{"id":240115,"href":"https:\/\/www.calmedespins.com\/en\/wp-json\/wp\/v2\/pages\/516\/revisions\/240115"}],"wp:featuredmedia":[{"embeddable":true,"href":"https:\/\/www.calmedespins.com\/en\/wp-json\/wp\/v2\/media\/240114"}],"wp:attachment":[{"href":"https:\/\/www.calmedespins.com\/en\/wp-json\/wp\/v2\/media?parent=516"}],"curies":[{"name":"wp","href":"https:\/\/api.w.org\/{rel}","templated":true}]}}